{"id":842,"date":"2025-09-05T12:53:47","date_gmt":"2025-09-05T16:53:47","guid":{"rendered":"https:\/\/chocolat.cl\/chocolat2017\/?post_type=product&#038;p=842"},"modified":"2025-09-05T14:32:01","modified_gmt":"2025-09-05T18:32:01","slug":"bolsa-2-y-10-kg-apamate","status":"publish","type":"product","link":"https:\/\/chocolat.cl\/chocolat2017\/product\/bolsa-2-y-10-kg-apamate\/","title":{"rendered":"Bolsa 2 y 10 Kg &#8211; Apamate"},"content":{"rendered":"<p><strong>Beneficios:<\/strong>\u00a0antioxidante, antidepresivo, mejora la inmunidad, protege el coraz\u00f3n, aporta energ\u00eda.<\/p>\n<p>&nbsp;<\/p>\n<p><em>Cons\u00e9rvese en lugar seco y fresco, preferiblemente a temperaturas entre 16\u00baC y 20\u00baC y m\u00e1ximo 60% de humedad relativa.<\/em><\/p>\n","protected":false},"excerpt":{"rendered":"<p>Apamate Este chocolate amargo y sedoso tiene una suave sensaci\u00f3n en boca, un prolongado sabor de cacao y una terminaci\u00f3n frutal y de nueces en el paladar. Esta l\u00ednea de chocolates finos es elaborada usando solo el aclamado grano de cacao Carenero Superior.<\/p>\n","protected":false},"featured_media":847,"template":"","meta":{"_exactmetrics_skip_tracking":false,"_exactmetrics_sitenote_active":false,"_exactmetrics_sitenote_note":"","_exactmetrics_sitenote_category":0},"product_cat":[34],"product_tag":[],"_links":{"self":[{"href":"https:\/\/chocolat.cl\/chocolat2017\/wp-json\/wp\/v2\/product\/842"}],"collection":[{"href":"https:\/\/chocolat.cl\/chocolat2017\/wp-json\/wp\/v2\/product"}],"about":[{"href":"https:\/\/chocolat.cl\/chocolat2017\/wp-json\/wp\/v2\/types\/product"}],"wp:featuredmedia":[{"embeddable":true,"href":"https:\/\/chocolat.cl\/chocolat2017\/wp-json\/wp\/v2\/media\/847"}],"wp:attachment":[{"href":"https:\/\/chocolat.cl\/chocolat2017\/wp-json\/wp\/v2\/media?parent=842"}],"wp:term":[{"taxonomy":"product_cat","embeddable":true,"href":"https:\/\/chocolat.cl\/chocolat2017\/wp-json\/wp\/v2\/product_cat?post=842"},{"taxonomy":"product_tag","embeddable":true,"href":"https:\/\/chocolat.cl\/chocolat2017\/wp-json\/wp\/v2\/product_tag?post=842"}],"curies":[{"name":"wp","href":"https:\/\/api.w.org\/{rel}","templated":true}]}}