{"id":649,"date":"2018-01-22T19:54:05","date_gmt":"2018-01-22T19:54:05","guid":{"rendered":"https:\/\/chocolat.cl\/chocolat2017\/?post_type=product&#038;p=649"},"modified":"2025-09-05T14:33:07","modified_gmt":"2025-09-05T18:33:07","slug":"bolsa-2-y-10-kg-macuro","status":"publish","type":"product","link":"https:\/\/chocolat.cl\/chocolat2017\/product\/bolsa-2-y-10-kg-macuro\/","title":{"rendered":"Bolsa 2 y 10 Kg &#8211; Macuro"},"content":{"rendered":"<p><strong>Beneficios:<\/strong>\u00a0antioxidante, antidepresivo, mejora la inmunidad, protege el coraz\u00f3n, aporta energ\u00eda.<\/p>\n<p>&nbsp;<\/p>\n<p><em>Cons\u00e9rvese en lugar seco y fresco, preferiblemente a temperaturas entre 16\u00baC y 20\u00baC y m\u00e1ximo 60% de humedad relativa.<\/em><\/p>\n","protected":false},"excerpt":{"rendered":"<p>La l\u00ednea de chocolate Premium R\u00edo Caribe tiene tres presentaciones: todas elaboradas con el mundialmente conocido cacao R\u00edo Caribe, oriundo de la zona noreste costera de Venezuela frente al Mar Caribe, y del delta del R\u00edo Orinoco.<\/p>\n<p>R\u00edo Caribe es un tipo de cacao Trinitario el cual ha sido un baluarte de la producci\u00f3n cacaotera venezolana desde la \u00e9poca de la Colonia. Es un grano largo y grueso, alto en \u00e1cidos frutales y tonos de tierra sutiles. Es un cruce ideal entre el delicado cacao tipo Criollo de la Venezuela occidental y los robustos cacaos tipo Forastero provenientes de la cuenca del Amazonas, del cual Venezuela tambi\u00e9n forma parte. Un verdadero cl\u00e1sico.<\/p>\n","protected":false},"featured_media":646,"template":"","meta":{"_exactmetrics_skip_tracking":false,"_exactmetrics_sitenote_active":false,"_exactmetrics_sitenote_note":"","_exactmetrics_sitenote_category":0},"product_cat":[34],"product_tag":[],"_links":{"self":[{"href":"https:\/\/chocolat.cl\/chocolat2017\/wp-json\/wp\/v2\/product\/649"}],"collection":[{"href":"https:\/\/chocolat.cl\/chocolat2017\/wp-json\/wp\/v2\/product"}],"about":[{"href":"https:\/\/chocolat.cl\/chocolat2017\/wp-json\/wp\/v2\/types\/product"}],"wp:featuredmedia":[{"embeddable":true,"href":"https:\/\/chocolat.cl\/chocolat2017\/wp-json\/wp\/v2\/media\/646"}],"wp:attachment":[{"href":"https:\/\/chocolat.cl\/chocolat2017\/wp-json\/wp\/v2\/media?parent=649"}],"wp:term":[{"taxonomy":"product_cat","embeddable":true,"href":"https:\/\/chocolat.cl\/chocolat2017\/wp-json\/wp\/v2\/product_cat?post=649"},{"taxonomy":"product_tag","embeddable":true,"href":"https:\/\/chocolat.cl\/chocolat2017\/wp-json\/wp\/v2\/product_tag?post=649"}],"curies":[{"name":"wp","href":"https:\/\/api.w.org\/{rel}","templated":true}]}}