{"id":793,"date":"2025-07-04T00:42:47","date_gmt":"2025-07-04T04:42:47","guid":{"rendered":"https:\/\/chocolat.cl\/chocolat2017\/?page_id=793"},"modified":"2025-07-04T19:10:37","modified_gmt":"2025-07-04T23:10:37","slug":"nuestras-alianzas-y-medias-partners","status":"publish","type":"page","link":"https:\/\/chocolat.cl\/chocolat2017\/nuestras-alianzas-y-medias-partners\/","title":{"rendered":"Nuestras Alianzas y Medias Partners"},"content":{"rendered":"\n\n<div class=\"message-box relative dark\" style=\"padding-top:120px;padding-bottom:120px;\"><div class=\"message-box-bg-image bg-fill fill\" style=\"background-image:url(https:\/\/chocolat.cl\/chocolat2017\/wp-content\/uploads\/2017\/11\/cacao-natural.jpg);\"><\/div><div class=\"message-box-bg-overlay bg-fill fill\" style=\"background-color:rgba(54, 28, 13, 0.506);\"><\/div><div class=\"container relative\"><div class=\"inner last-reset\">\n\n<div class=\"row align-center\"  id=\"row-1487589108\">\n\n\n\t<div id=\"col-51234637\" class=\"col medium-4 small-12 large-4\"  data-animate=\"fadeInLeft\">\n\t\t\t\t<div class=\"col-inner\"  >\n\t\t\t\n\t\t\t\n\n\t<div id=\"text-3668086557\" class=\"text\">\n\t\t\n\n<h3 class=\"uppercase\"><strong>Varsovienne<\/strong><\/h3>\n<p>La alianza que est\u00e1 revolucionando el mundo del chocolate en Chile! Chocolat, representante de Chocolate el Rey se une a Varsovienne, una de las mejores chocolater\u00edas de Chile, para crear los productos m\u00e1s exquisitos para el paladar gourmet de los chilenos. La uni\u00f3n de Chocolat y Varsovienne da como resultado productos de alta calidad, elaborados con pasi\u00f3n y dedicaci\u00f3n, para que puedas disfrutar del mejor chocolate chileno. Descubre y experimenta la uni\u00f3n perfecta del chocolate.<\/p>\n\t\t\n<style>\n#text-3668086557 {\n  text-align: center;\n}\n<\/style>\n\t<\/div>\n\t\n\t<div id=\"gap-81213505\" class=\"gap-element clearfix\" style=\"display:block; height:auto;\">\n\t\t\n<style>\n#gap-81213505 {\n  padding-top: 20px;\n}\n<\/style>\n\t<\/div>\n\t\n\n\t<div class=\"img has-hover x md-x lg-x y md-y lg-y\" id=\"image_1843710327\">\n\t\t\t\t\t\t\t\t<div class=\"img-inner dark\" >\n\t\t\t<img loading=\"lazy\" decoding=\"async\" width=\"346\" height=\"146\" src=\"https:\/\/chocolat.cl\/chocolat2017\/wp-content\/uploads\/2025\/07\/images-2.jpeg\" class=\"attachment-large size-large\" alt=\"\" \/>\t\t\t\t\t\t\n\t\t\t\t\t<\/div>\n\t\t\t\t\t\t\t\t\n<style>\n#image_1843710327 {\n  width: 100%;\n}\n<\/style>\n\t<\/div>\n\t\n\n\t<div id=\"gap-2031292813\" class=\"gap-element clearfix\" style=\"display:block; height:auto;\">\n\t\t\n<style>\n#gap-2031292813 {\n  padding-top: 20px;\n}\n<\/style>\n\t<\/div>\n\t\n\n\n\t\t<\/div>\n\t\t\t\t\t<\/div>\n\n\t\n\n\t<div id=\"col-1032191087\" class=\"col medium-4 small-12 large-4\"  data-animate=\"fadeInUp\">\n\t\t\t\t<div class=\"col-inner\"  >\n\t\t\t\n\t\t\t\n\n\t<div id=\"text-2699646772\" class=\"text\">\n\t\t\n\n<h3 class=\"uppercase\"><strong>Chocolat Presentes en Radios<\/strong><\/h3>\n<p>Contamos con una alianza comercial con Prisa Media Chile, haciendo difusi\u00f3n de contenido y de nuestra marca en las principales radios del pa\u00eds, espec\u00edficamente ADN y CONCIERTO.<\/p>\n\t\t\n<style>\n#text-2699646772 {\n  text-align: center;\n}\n<\/style>\n\t<\/div>\n\t\n\t<div id=\"gap-1831687445\" class=\"gap-element clearfix\" style=\"display:block; height:auto;\">\n\t\t\n<style>\n#gap-1831687445 {\n  padding-top: 20px;\n}\n<\/style>\n\t<\/div>\n\t\n\n\t<div class=\"img has-hover x md-x lg-x y md-y lg-y\" id=\"image_334129348\">\n\t\t\t\t\t\t\t\t<div class=\"img-inner dark\" >\n\t\t\t<img loading=\"lazy\" decoding=\"async\" width=\"960\" height=\"540\" src=\"https:\/\/chocolat.cl\/chocolat2017\/wp-content\/uploads\/2025\/07\/radio-2.jpg\" class=\"attachment-large size-large\" alt=\"\" srcset=\"https:\/\/chocolat.cl\/chocolat2017\/wp-content\/uploads\/2025\/07\/radio-2.jpg 960w, https:\/\/chocolat.cl\/chocolat2017\/wp-content\/uploads\/2025\/07\/radio-2-711x400.jpg 711w, https:\/\/chocolat.cl\/chocolat2017\/wp-content\/uploads\/2025\/07\/radio-2-768x432.jpg 768w, https:\/\/chocolat.cl\/chocolat2017\/wp-content\/uploads\/2025\/07\/radio-2-600x338.jpg 600w\" sizes=\"(max-width: 960px) 100vw, 960px\" \/>\t\t\t\t\t\t\n\t\t\t\t\t<\/div>\n\t\t\t\t\t\t\t\t\n<style>\n#image_334129348 {\n  width: 100%;\n}\n<\/style>\n\t<\/div>\n\t\n\n\t<div id=\"gap-1089269724\" class=\"gap-element clearfix\" style=\"display:block; height:auto;\">\n\t\t\n<style>\n#gap-1089269724 {\n  padding-top: 20px;\n}\n<\/style>\n\t<\/div>\n\t\n\n\n\t\t<\/div>\n\t\t\t\t\t<\/div>\n\n\t\n\n\t<div id=\"col-925072684\" class=\"col medium-4 small-12 large-4\"  data-animate=\"fadeInRight\">\n\t\t\t\t<div class=\"col-inner\"  >\n\t\t\t\n\t\t\t\n\n\t<div id=\"text-4220597510\" class=\"text\">\n\t\t\n\n<h3 class=\"uppercase\"><strong>THE BEST CHILE: M\u00c1S QUE UNA REVISTA, UNA EXPERIENCIA<\/strong><\/h3>\n<p>Estamos presentes en una revista \u00fanica en Chile. Con un contenido variado, entrevistas, novedades de moda, tendencias, polo, turismo, moda, emprendimiento y gastronom\u00eda, edici\u00f3n impresa, eventos y redes sociales. Chocolat est\u00e1 en The Best!<\/p>\n\t\t\n<style>\n#text-4220597510 {\n  text-align: center;\n}\n<\/style>\n\t<\/div>\n\t\n\t<div id=\"gap-209876646\" class=\"gap-element clearfix\" style=\"display:block; height:auto;\">\n\t\t\n<style>\n#gap-209876646 {\n  padding-top: 20px;\n}\n<\/style>\n\t<\/div>\n\t\n\n\t<div class=\"img has-hover x md-x lg-x y md-y lg-y\" id=\"image_1161516114\">\n\t\t\t\t\t\t\t\t<div class=\"img-inner dark\" >\n\t\t\t<img loading=\"lazy\" decoding=\"async\" width=\"400\" height=\"162\" src=\"https:\/\/chocolat.cl\/chocolat2017\/wp-content\/uploads\/2025\/07\/the-best-chile-1-1.png\" class=\"attachment-large size-large\" alt=\"\" \/>\t\t\t\t\t\t\n\t\t\t\t\t<\/div>\n\t\t\t\t\t\t\t\t\n<style>\n#image_1161516114 {\n  width: 100%;\n}\n<\/style>\n\t<\/div>\n\t\n\n\n\t\t<\/div>\n\t\t\t\t\t<\/div>\n\n\t\n\n<\/div>\n\n<\/div><\/div><\/div>\n<div class=\"text-center\"><div class=\"is-divider divider clearfix\" style=\"margin-top:1.3em;margin-bottom:1.3em;max-width:50%;height:1px;\"><\/div><\/div>\n\n\n","protected":false},"excerpt":{"rendered":"","protected":false},"author":1,"featured_media":0,"parent":0,"menu_order":0,"comment_status":"closed","ping_status":"closed","template":"page-transparent-header-light.php","meta":{"_exactmetrics_skip_tracking":false,"_exactmetrics_sitenote_active":false,"_exactmetrics_sitenote_note":"","_exactmetrics_sitenote_category":0,"footnotes":""},"_links":{"self":[{"href":"https:\/\/chocolat.cl\/chocolat2017\/wp-json\/wp\/v2\/pages\/793"}],"collection":[{"href":"https:\/\/chocolat.cl\/chocolat2017\/wp-json\/wp\/v2\/pages"}],"about":[{"href":"https:\/\/chocolat.cl\/chocolat2017\/wp-json\/wp\/v2\/types\/page"}],"author":[{"embeddable":true,"href":"https:\/\/chocolat.cl\/chocolat2017\/wp-json\/wp\/v2\/users\/1"}],"replies":[{"embeddable":true,"href":"https:\/\/chocolat.cl\/chocolat2017\/wp-json\/wp\/v2\/comments?post=793"}],"version-history":[{"count":19,"href":"https:\/\/chocolat.cl\/chocolat2017\/wp-json\/wp\/v2\/pages\/793\/revisions"}],"predecessor-version":[{"id":838,"href":"https:\/\/chocolat.cl\/chocolat2017\/wp-json\/wp\/v2\/pages\/793\/revisions\/838"}],"wp:attachment":[{"href":"https:\/\/chocolat.cl\/chocolat2017\/wp-json\/wp\/v2\/media?parent=793"}],"curies":[{"name":"wp","href":"https:\/\/api.w.org\/{rel}","templated":true}]}}