{"id":782,"date":"2024-11-05T12:00:07","date_gmt":"2024-11-05T16:00:07","guid":{"rendered":"https:\/\/chocolat.cl\/chocolat2017\/?page_id=782"},"modified":"2024-11-05T12:05:48","modified_gmt":"2024-11-05T16:05:48","slug":"alvaro-gomez-agronomo","status":"publish","type":"page","link":"https:\/\/chocolat.cl\/chocolat2017\/alvaro-gomez-agronomo\/","title":{"rendered":"\u00c1lvaro G\u00f3mez, agr\u00f3nomo"},"content":{"rendered":"\n\t<div id=\"gap-1750564171\" class=\"gap-element clearfix\" style=\"display:block; height:auto;\">\n\t\t\n<style>\n#gap-1750564171 {\n  padding-top: 30px;\n}\n<\/style>\n\t<\/div>\n\t\n\n<div class=\"row\"  id=\"row-1467626824\">\n\n\n\t<div id=\"col-750870331\" class=\"col small-12 large-12\"  >\n\t\t\t\t<div class=\"col-inner\"  >\n\t\t\t\n\t\t\t\n\n<div class=\"video video-fit mb\" style=\"padding-top:56.25%;\"><iframe loading=\"lazy\" title=\"Alvaro Gomez\" src=\"https:\/\/player.vimeo.com\/video\/72862120?dnt=1&amp;app_id=122963\" width=\"480\" height=\"360\" frameborder=\"0\" allow=\"autoplay; fullscreen; picture-in-picture; clipboard-write\"><\/iframe><\/div>\n\n\n\t\t<\/div>\n\t\t\t\t\t<\/div>\n\n\t\n\n<\/div>\n\n","protected":false},"excerpt":{"rendered":"","protected":false},"author":1,"featured_media":0,"parent":0,"menu_order":0,"comment_status":"closed","ping_status":"closed","template":"","meta":{"_exactmetrics_skip_tracking":false,"_exactmetrics_sitenote_active":false,"_exactmetrics_sitenote_note":"","_exactmetrics_sitenote_category":0,"footnotes":""},"_links":{"self":[{"href":"https:\/\/chocolat.cl\/chocolat2017\/wp-json\/wp\/v2\/pages\/782"}],"collection":[{"href":"https:\/\/chocolat.cl\/chocolat2017\/wp-json\/wp\/v2\/pages"}],"about":[{"href":"https:\/\/chocolat.cl\/chocolat2017\/wp-json\/wp\/v2\/types\/page"}],"author":[{"embeddable":true,"href":"https:\/\/chocolat.cl\/chocolat2017\/wp-json\/wp\/v2\/users\/1"}],"replies":[{"embeddable":true,"href":"https:\/\/chocolat.cl\/chocolat2017\/wp-json\/wp\/v2\/comments?post=782"}],"version-history":[{"count":4,"href":"https:\/\/chocolat.cl\/chocolat2017\/wp-json\/wp\/v2\/pages\/782\/revisions"}],"predecessor-version":[{"id":787,"href":"https:\/\/chocolat.cl\/chocolat2017\/wp-json\/wp\/v2\/pages\/782\/revisions\/787"}],"wp:attachment":[{"href":"https:\/\/chocolat.cl\/chocolat2017\/wp-json\/wp\/v2\/media?parent=782"}],"curies":[{"name":"wp","href":"https:\/\/api.w.org\/{rel}","templated":true}]}}